{"id":18159,"date":"2023-06-23T07:11:37","date_gmt":"2023-06-23T07:11:37","guid":{"rendered":"https:\/\/gulsahyildirim.av.tr\/site1\/?page_id=18159"},"modified":"2023-06-23T14:08:13","modified_gmt":"2023-06-23T14:08:13","slug":"hizmet-al","status":"publish","type":"page","link":"https:\/\/www.gulsahyildirim.av.tr\/en\/hizmet-al\/","title":{"rendered":"Get Service"},"content":{"rendered":"<div data-elementor-type=\"wp-page\" data-elementor-id=\"18159\" class=\"elementor elementor-18159\">\n\t\t\t\t\t\t\t\t\t<section class=\"elementor-section elementor-top-section elementor-element elementor-element-baeed9e elementor-section-boxed elementor-section-height-default elementor-section-height-default sc_fly_static\" data-id=\"baeed9e\" data-element_type=\"section\">\n\t\t\t\t\t\t<div class=\"elementor-container elementor-column-gap-extended\">\n\t\t\t\t\t<div class=\"elementor-column elementor-col-100 elementor-top-column elementor-element elementor-element-b10c59d sc_inner_width_none sc_content_align_inherit sc_layouts_column_icons_position_left sc_fly_static\" data-id=\"b10c59d\" data-element_type=\"column\">\n\t\t\t<div class=\"elementor-widget-wrap elementor-element-populated\">\n\t\t\t\t\t\t\t\t<div class=\"elementor-element elementor-element-74d0c80 sc_fly_static elementor-widget elementor-widget-text-editor\" data-id=\"74d0c80\" data-element_type=\"widget\" data-widget_type=\"text-editor.default\">\n\t\t\t\t<div class=\"elementor-widget-container\">\n\t\t\t<style>\/*! elementor - v3.17.0 - 08-11-2023 *\/\n.elementor-widget-text-editor.elementor-drop-cap-view-stacked .elementor-drop-cap{background-color:#69727d;color:#fff}.elementor-widget-text-editor.elementor-drop-cap-view-framed .elementor-drop-cap{color:#69727d;border:3px solid;background-color:transparent}.elementor-widget-text-editor:not(.elementor-drop-cap-view-default) .elementor-drop-cap{margin-top:8px}.elementor-widget-text-editor:not(.elementor-drop-cap-view-default) .elementor-drop-cap-letter{width:1em;height:1em}.elementor-widget-text-editor .elementor-drop-cap{float:left;text-align:center;line-height:1;font-size:50px}.elementor-widget-text-editor .elementor-drop-cap-letter{display:inline-block}<\/style>\t\t\t\t<p><!--\nPlugin Name: Bookly \u2013 Responsive WordPress Appointment Booking and Scheduling Plugin\nPlugin URI: https:\/\/www.booking-wp-plugin.com\/?utm_source=bookly_admin&utm_medium=plugins_page&utm_campaign=plugins_page\nVersion: 21.8-->\n    <style type=\"text\/css\">\n        \/* Color *\/\n        .bookly-form .bookly-form-group > label,\n        .bookly-form .bookly-label-error,\n        .bookly-form .bookly-progress-tracker > .active,\n        .bookly-form .picker__nav--next,\n        .bookly-form .pickadate__nav--prev,\n        .bookly-form .picker__day:hover,\n        .bookly-form .picker__day--selected:hover,\n        .bookly-form .picker--opened .picker__day--selected,\n        .bookly-form .picker__button--clear,\n        .bookly-form .picker__button--today,\n        .bookly-form .bookly-columnizer .bookly-hour span.bookly-waiting-list {\n            color: #113a21 !important;\n        }\n\n        \/* Background *\/\n        .bookly-form .bookly-progress-tracker > .active .step,\n        .bookly-form .picker__frame,\n        .bookly-form .bookly-service-step .bookly-week-days label,\n        .bookly-form .bookly-repeat-step .bookly-week-days label,\n        .bookly-form .bookly-columnizer .bookly-hour:active .bookly-hour-icon span,\n        .bookly-form .bookly-btn,\n        .bookly-form .bookly-btn:active,\n        .bookly-form .bookly-btn:focus,\n        .bookly-form .bookly-btn:hover,\n        .bookly-form .bookly-btn-submit,\n        .bookly-form .bookly-round,\n        .bookly-form .bookly-square,\n        .bookly-form .bookly-pagination > li.active {\n            background-color: #113a21 !important;\n        }\n\n        .bookly-form .bookly-triangle {\n            border-bottom-color: #113a21 !important;\n        }\n\n        \/* Border *\/\n        .bookly-form input[type=\"text\"].bookly-error,\n        .bookly-form input[type=\"password\"].bookly-error,\n        .bookly-form select.bookly-error,\n        .bookly-form textarea.bookly-error,\n        .bookly-form .bookly-week-days.bookly-error,\n        .bookly-extra-step div.bookly-extras-thumb.bookly-extras-selected {\n            border: 2px solid #113a21 !important;\n        }\n\n        \/* Other *\/\n        .bookly-form .picker__header {\n            border-bottom: 1px solid #113a21 !important;\n        }\n\n        .bookly-form .picker__nav--next:before {\n            border-left: 6px solid #113a21 !important;\n        }\n\n        .bookly-form .picker__nav--prev:before {\n            border-right: 6px solid #113a21 !important;\n        }\n\n        .bookly-form .bookly-service-step .bookly-week-days label.active, .bookly-form .bookly-repeat-step .bookly-week-days label.active {\n            background: #113a21 url(https:\/\/www.gulsahyildirim.av.tr\/wp-content\/plugins\/bookly-responsive-appointment-booking-tool\/frontend\/resources\/images\/checkbox.png) 0 0 no-repeat !important;\n        }\n\n        .bookly-form .bookly-columnizer .bookly-day, .bookly-form .bookly-schedule-date {\n            background: #113a21 !important;\n            border: 1px solid #113a21 !important;\n        }\n\n        .bookly-form .bookly-pagination > li.active a {\n            border: 1px solid #113a21 !important;\n        }\n\n        .bookly-form .bookly-columnizer .bookly-hour:active {\n            border: 2px solid #113a21 !important;\n            color: #113a21 !important;\n        }\n\n        .bookly-form .bookly-columnizer .bookly-hour:active .bookly-hour-icon {\n            background: none;\n            border: 2px solid #113a21 !important;\n            color: #113a21 !important;\n            width: auto;\n            height: auto;\n            padding: 3px;\n            border-radius: 25px;\n            margin-right: 3px;\n        }\n\n        .bookly-form .bookly-columnizer .bookly-hour:active .bookly-hour-icon span {\n            background-color: #113a21 !important;\n            width: 8px;\n            height: 8px;\n            border-radius: 10px;\n            display: block;\n        }\n\n        @media (hover) {\n            .bookly-form .bookly-columnizer .bookly-hour:hover {\n                border: 2px solid #113a21 !important;\n                color: #113a21 !important;\n            }\n\n            .bookly-form .bookly-columnizer .bookly-hour:hover .bookly-hour-icon {\n                background: none;\n                border: 2px solid #113a21 !important;\n                color: #113a21 !important;\n            }\n\n            .bookly-form .bookly-columnizer .bookly-hour:hover .bookly-hour-icon span {\n                background-color: #113a21 !important;\n            }\n        }\n    <\/style>\n\n<div id=\"bookly-form-69e204a99b88c\" class=\"bookly-form\" data-form_id=\"69e204a99b88c\">\n    <div style=\"text-align: center\"><img decoding=\"async\" src=\"https:\/\/www.gulsahyildirim.av.tr\/wp-includes\/js\/tinymce\/skins\/lightgray\/img\/loader.gif\" alt=\"Loading...\"\/><\/div>\n<\/div>\n<script type=\"text\/javascript\">\n    (function (win, fn) {\n        var done = false, top = true,\n            doc = win.document,\n            root = doc.documentElement,\n            modern = doc.addEventListener,\n            add = modern ? 'addEventListener' : 'attachEvent',\n            rem = modern ? 'removeEventListener' : 'detachEvent',\n            pre = modern ? '' : 'on',\n            init = function(e) {\n                if (e.type == 'readystatechange') if (doc.readyState != 'complete') return;\n                (e.type == 'load' ? win : doc)[rem](pre + e.type, init, false);\n                if (!done) { done = true; fn.call(win, e.type || e); }\n            },\n            poll = function() {\n                try { root.doScroll('left'); } catch(e) { setTimeout(poll, 50); return; }\n                init('poll');\n            };\n        if (doc.readyState == 'complete') fn.call(win, 'lazy');\n        else {\n            if (!modern) if (root.doScroll) {\n                try { top = !win.frameElement; } catch(e) { }\n                if (top) poll();\n            }\n            doc[add](pre + 'DOMContentLoaded', init, false);\n            doc[add](pre + 'readystatechange', init, false);\n            win[add](pre + 'load', init, false);\n        }\n    })(window, function() {\n        window.bookly( {\"form_id\":\"69e204a99b88c\",\"status\":{\"booking\":\"new\"},\"skip_steps\":{\"service_part1\":0,\"service_part2\":1,\"extras\":1,\"time\":0,\"repeat\":1,\"cart\":1},\"errors\":{\"session_error\":\"Session error.\",\"form_id_error\":\"Form ID error.\",\"cart_item_not_available\":\"Se\\u00e7ilen saat art\\u0131k mevcut de\\u011fil. L\\u00fctfen ba\\u015fka bir zaman dilimi se\\u00e7in.\",\"pay_locally_not_available\":\"Pay locally is not available.\",\"invalid_gateway\":\"Invalid gateway.\",\"payment_error\":\"Error.\",\"incorrect_username_password\":\"Incorrect username or password.\"},\"form_attributes\":{\"hide_categories\":false,\"hide_services\":false,\"hide_staff_members\":false,\"show_number_of_persons\":false,\"hide_service_duration\":true,\"hide_locations\":true,\"hide_quantity\":true,\"hide_date\":true,\"hide_week_days\":true,\"hide_time_range\":true},\"use_client_time_zone\":0,\"firstDay\":1,\"date_format\":\"dd\\\/mm\\\/yyyy\",\"defaults\":{\"service_id\":0,\"staff_id\":2,\"location_id\":0,\"category_id\":1},\"facebook\":{\"enabled\":0,\"appId\":\"\"}} );\n    });\n<\/script><\/p>\t\t\t\t\t\t<\/div>\n\t\t\t\t<\/div>\n\t\t\t\t\t<\/div>\n\t\t<\/div>\n\t\t\t\t\t\t\t<\/div>\n\t\t<\/section>\n\t\t\t\t<section class=\"elementor-section elementor-top-section elementor-element elementor-element-e4d5931 elementor-section-boxed elementor-section-height-default elementor-section-height-default sc_fly_static\" data-id=\"e4d5931\" data-element_type=\"section\">\n\t\t\t\t\t\t<div class=\"elementor-container elementor-column-gap-extended\">\n\t\t\t\t\t<div class=\"elementor-column elementor-col-100 elementor-top-column elementor-element elementor-element-bd26807 sc_inner_width_none sc_content_align_inherit sc_layouts_column_icons_position_left sc_fly_static\" data-id=\"bd26807\" data-element_type=\"column\">\n\t\t\t<div class=\"elementor-widget-wrap elementor-element-populated\">\n\t\t\t\t\t\t\t\t<div class=\"elementor-element elementor-element-bbbcde2 sc_height_huge sc_fly_static elementor-widget elementor-widget-spacer\" data-id=\"bbbcde2\" data-element_type=\"widget\" data-widget_type=\"spacer.default\">\n\t\t\t\t<div class=\"elementor-widget-container\">\n\t\t\t<style>\/*! elementor - v3.17.0 - 08-11-2023 *\/\n.elementor-column .elementor-spacer-inner{height:var(--spacer-size)}.e-con{--container-widget-width:100%}.e-con-inner>.elementor-widget-spacer,.e-con>.elementor-widget-spacer{width:var(--container-widget-width,var(--spacer-size));--align-self:var(--container-widget-align-self,initial);--flex-shrink:0}.e-con-inner>.elementor-widget-spacer>.elementor-widget-container,.e-con>.elementor-widget-spacer>.elementor-widget-container{height:100%;width:100%}.e-con-inner>.elementor-widget-spacer>.elementor-widget-container>.elementor-spacer,.e-con>.elementor-widget-spacer>.elementor-widget-container>.elementor-spacer{height:100%}.e-con-inner>.elementor-widget-spacer>.elementor-widget-container>.elementor-spacer>.elementor-spacer-inner,.e-con>.elementor-widget-spacer>.elementor-widget-container>.elementor-spacer>.elementor-spacer-inner{height:var(--container-widget-height,var(--spacer-size))}.e-con-inner>.elementor-widget-spacer.elementor-widget-empty,.e-con>.elementor-widget-spacer.elementor-widget-empty{position:relative;min-height:22px;min-width:22px}.e-con-inner>.elementor-widget-spacer.elementor-widget-empty .elementor-widget-empty-icon,.e-con>.elementor-widget-spacer.elementor-widget-empty .elementor-widget-empty-icon{position:absolute;top:0;bottom:0;left:0;right:0;margin:auto;padding:0;width:22px;height:22px}<\/style>\t\t<div class=\"elementor-spacer\">\n\t\t\t<div class=\"elementor-spacer-inner\"><\/div>\n\t\t<\/div>\n\t\t\t\t<\/div>\n\t\t\t\t<\/div>\n\t\t\t\t\t<\/div>\n\t\t<\/div>\n\t\t\t\t\t\t\t<\/div>\n\t\t<\/section>\n\t\t\t\t\t\t\t<\/div>","protected":false},"excerpt":{"rendered":"","protected":false},"author":1,"featured_media":0,"parent":0,"menu_order":0,"comment_status":"closed","ping_status":"closed","template":"","meta":{"footnotes":""},"yoast_head":"<!-- This site is optimized with the Yoast SEO plugin v23.4 - https:\/\/yoast.com\/wordpress\/plugins\/seo\/ -->\n<title>Hizmet Al - G\u00fcl\u015fah Y\u0131ld\u0131r\u0131m Avukatl\u0131k B\u00fcrosu<\/title>\n<meta name=\"robots\" content=\"index, follow, max-snippet:-1, max-image-preview:large, max-video-preview:-1\" \/>\n<link rel=\"canonical\" href=\"https:\/\/www.gulsahyildirim.av.tr\/en\/hizmet-al\/\" \/>\n<meta property=\"og:locale\" content=\"en_US\" \/>\n<meta property=\"og:type\" content=\"article\" \/>\n<meta property=\"og:title\" content=\"Hizmet Al - G\u00fcl\u015fah Y\u0131ld\u0131r\u0131m Avukatl\u0131k B\u00fcrosu\" \/>\n<meta property=\"og:url\" content=\"https:\/\/www.gulsahyildirim.av.tr\/en\/hizmet-al\/\" \/>\n<meta property=\"og:site_name\" content=\"G\u00fcl\u015fah Y\u0131ld\u0131r\u0131m Avukatl\u0131k B\u00fcrosu\" \/>\n<meta property=\"article:publisher\" content=\"https:\/\/www.facebook.com\/av.gulsahyildirim\" \/>\n<meta property=\"article:modified_time\" content=\"2023-06-23T14:08:13+00:00\" \/>\n<meta name=\"twitter:card\" content=\"summary_large_image\" \/>\n<meta name=\"twitter:site\" content=\"@GY_HUKUK\" \/>\n<script type=\"application\/ld+json\" class=\"yoast-schema-graph\">{\"@context\":\"https:\/\/schema.org\",\"@graph\":[{\"@type\":\"WebPage\",\"@id\":\"https:\/\/www.gulsahyildirim.av.tr\/hizmet-al\/\",\"url\":\"https:\/\/www.gulsahyildirim.av.tr\/hizmet-al\/\",\"name\":\"Hizmet Al - G\u00fcl\u015fah Y\u0131ld\u0131r\u0131m Avukatl\u0131k B\u00fcrosu\",\"isPartOf\":{\"@id\":\"https:\/\/www.gulsahyildirim.av.tr\/#website\"},\"datePublished\":\"2023-06-23T07:11:37+00:00\",\"dateModified\":\"2023-06-23T14:08:13+00:00\",\"breadcrumb\":{\"@id\":\"https:\/\/www.gulsahyildirim.av.tr\/hizmet-al\/#breadcrumb\"},\"inLanguage\":\"en-US\",\"potentialAction\":[{\"@type\":\"ReadAction\",\"target\":[\"https:\/\/www.gulsahyildirim.av.tr\/hizmet-al\/\"]}]},{\"@type\":\"BreadcrumbList\",\"@id\":\"https:\/\/www.gulsahyildirim.av.tr\/hizmet-al\/#breadcrumb\",\"itemListElement\":[{\"@type\":\"ListItem\",\"position\":1,\"name\":\"Anasayfa\",\"item\":\"https:\/\/www.gulsahyildirim.av.tr\/\"},{\"@type\":\"ListItem\",\"position\":2,\"name\":\"Hizmet Al\"}]},{\"@type\":\"WebSite\",\"@id\":\"https:\/\/www.gulsahyildirim.av.tr\/#website\",\"url\":\"https:\/\/www.gulsahyildirim.av.tr\/\",\"name\":\"G\u00fcl\u015fah Y\u0131ld\u0131r\u0131m Avukatl\u0131k B\u00fcrosu\",\"description\":\"\",\"publisher\":{\"@id\":\"https:\/\/www.gulsahyildirim.av.tr\/#organization\"},\"potentialAction\":[{\"@type\":\"SearchAction\",\"target\":{\"@type\":\"EntryPoint\",\"urlTemplate\":\"https:\/\/www.gulsahyildirim.av.tr\/?s={search_term_string}\"},\"query-input\":{\"@type\":\"PropertyValueSpecification\",\"valueRequired\":true,\"valueName\":\"search_term_string\"}}],\"inLanguage\":\"en-US\"},{\"@type\":\"Organization\",\"@id\":\"https:\/\/www.gulsahyildirim.av.tr\/#organization\",\"name\":\"G\u00fcl\u015fah Y\u0131ld\u0131r\u0131m Avukatl\u0131k B\u00fcrosu\",\"url\":\"https:\/\/www.gulsahyildirim.av.tr\/\",\"logo\":{\"@type\":\"ImageObject\",\"inLanguage\":\"en-US\",\"@id\":\"https:\/\/www.gulsahyildirim.av.tr\/#\/schema\/logo\/image\/\",\"url\":\"https:\/\/www.gulsahyildirim.av.tr\/wp-content\/uploads\/2020\/12\/Gulsah-Yildirim-Logo.png\",\"contentUrl\":\"https:\/\/www.gulsahyildirim.av.tr\/wp-content\/uploads\/2020\/12\/Gulsah-Yildirim-Logo.png\",\"width\":1581,\"height\":344,\"caption\":\"G\u00fcl\u015fah Y\u0131ld\u0131r\u0131m Avukatl\u0131k B\u00fcrosu\"},\"image\":{\"@id\":\"https:\/\/www.gulsahyildirim.av.tr\/#\/schema\/logo\/image\/\"},\"sameAs\":[\"https:\/\/www.facebook.com\/av.gulsahyildirim\",\"https:\/\/x.com\/GY_HUKUK\"]}]}<\/script>\n<!-- \/ Yoast SEO plugin. -->","yoast_head_json":{"title":"Hizmet Al - G\u00fcl\u015fah Y\u0131ld\u0131r\u0131m Avukatl\u0131k B\u00fcrosu","robots":{"index":"index","follow":"follow","max-snippet":"max-snippet:-1","max-image-preview":"max-image-preview:large","max-video-preview":"max-video-preview:-1"},"canonical":"https:\/\/www.gulsahyildirim.av.tr\/en\/hizmet-al\/","og_locale":"en_US","og_type":"article","og_title":"Hizmet Al - G\u00fcl\u015fah Y\u0131ld\u0131r\u0131m Avukatl\u0131k B\u00fcrosu","og_url":"https:\/\/www.gulsahyildirim.av.tr\/en\/hizmet-al\/","og_site_name":"G\u00fcl\u015fah Y\u0131ld\u0131r\u0131m Avukatl\u0131k B\u00fcrosu","article_publisher":"https:\/\/www.facebook.com\/av.gulsahyildirim","article_modified_time":"2023-06-23T14:08:13+00:00","twitter_card":"summary_large_image","twitter_site":"@GY_HUKUK","schema":{"@context":"https:\/\/schema.org","@graph":[{"@type":"WebPage","@id":"https:\/\/www.gulsahyildirim.av.tr\/hizmet-al\/","url":"https:\/\/www.gulsahyildirim.av.tr\/hizmet-al\/","name":"Hizmet Al - G\u00fcl\u015fah Y\u0131ld\u0131r\u0131m Avukatl\u0131k B\u00fcrosu","isPartOf":{"@id":"https:\/\/www.gulsahyildirim.av.tr\/#website"},"datePublished":"2023-06-23T07:11:37+00:00","dateModified":"2023-06-23T14:08:13+00:00","breadcrumb":{"@id":"https:\/\/www.gulsahyildirim.av.tr\/hizmet-al\/#breadcrumb"},"inLanguage":"en-US","potentialAction":[{"@type":"ReadAction","target":["https:\/\/www.gulsahyildirim.av.tr\/hizmet-al\/"]}]},{"@type":"BreadcrumbList","@id":"https:\/\/www.gulsahyildirim.av.tr\/hizmet-al\/#breadcrumb","itemListElement":[{"@type":"ListItem","position":1,"name":"Anasayfa","item":"https:\/\/www.gulsahyildirim.av.tr\/"},{"@type":"ListItem","position":2,"name":"Hizmet Al"}]},{"@type":"WebSite","@id":"https:\/\/www.gulsahyildirim.av.tr\/#website","url":"https:\/\/www.gulsahyildirim.av.tr\/","name":"G\u00fcl\u015fah Y\u0131ld\u0131r\u0131m Avukatl\u0131k B\u00fcrosu","description":"","publisher":{"@id":"https:\/\/www.gulsahyildirim.av.tr\/#organization"},"potentialAction":[{"@type":"SearchAction","target":{"@type":"EntryPoint","urlTemplate":"https:\/\/www.gulsahyildirim.av.tr\/?s={search_term_string}"},"query-input":{"@type":"PropertyValueSpecification","valueRequired":true,"valueName":"search_term_string"}}],"inLanguage":"en-US"},{"@type":"Organization","@id":"https:\/\/www.gulsahyildirim.av.tr\/#organization","name":"G\u00fcl\u015fah Y\u0131ld\u0131r\u0131m Avukatl\u0131k B\u00fcrosu","url":"https:\/\/www.gulsahyildirim.av.tr\/","logo":{"@type":"ImageObject","inLanguage":"en-US","@id":"https:\/\/www.gulsahyildirim.av.tr\/#\/schema\/logo\/image\/","url":"https:\/\/www.gulsahyildirim.av.tr\/wp-content\/uploads\/2020\/12\/Gulsah-Yildirim-Logo.png","contentUrl":"https:\/\/www.gulsahyildirim.av.tr\/wp-content\/uploads\/2020\/12\/Gulsah-Yildirim-Logo.png","width":1581,"height":344,"caption":"G\u00fcl\u015fah Y\u0131ld\u0131r\u0131m Avukatl\u0131k B\u00fcrosu"},"image":{"@id":"https:\/\/www.gulsahyildirim.av.tr\/#\/schema\/logo\/image\/"},"sameAs":["https:\/\/www.facebook.com\/av.gulsahyildirim","https:\/\/x.com\/GY_HUKUK"]}]}},"_links":{"self":[{"href":"https:\/\/www.gulsahyildirim.av.tr\/en\/wp-json\/wp\/v2\/pages\/18159"}],"collection":[{"href":"https:\/\/www.gulsahyildirim.av.tr\/en\/wp-json\/wp\/v2\/pages"}],"about":[{"href":"https:\/\/www.gulsahyildirim.av.tr\/en\/wp-json\/wp\/v2\/types\/page"}],"author":[{"embeddable":true,"href":"https:\/\/www.gulsahyildirim.av.tr\/en\/wp-json\/wp\/v2\/users\/1"}],"replies":[{"embeddable":true,"href":"https:\/\/www.gulsahyildirim.av.tr\/en\/wp-json\/wp\/v2\/comments?post=18159"}],"version-history":[{"count":0,"href":"https:\/\/www.gulsahyildirim.av.tr\/en\/wp-json\/wp\/v2\/pages\/18159\/revisions"}],"wp:attachment":[{"href":"https:\/\/www.gulsahyildirim.av.tr\/en\/wp-json\/wp\/v2\/media?parent=18159"}],"curies":[{"name":"wp","href":"https:\/\/api.w.org\/{rel}","templated":true}]}}