{"id":9061,"date":"2020-11-20T12:32:08","date_gmt":"2020-11-20T12:32:08","guid":{"rendered":"https:\/\/gulsahyildirim.av.tr\/site1\/?page_id=9061"},"modified":"2023-08-13T20:57:41","modified_gmt":"2023-08-13T20:57:41","slug":"randevu-al","status":"publish","type":"page","link":"https:\/\/www.gulsahyildirim.av.tr\/en\/randevu-al\/","title":{"rendered":"Make an appointment"},"content":{"rendered":"<div data-elementor-type=\"wp-page\" data-elementor-id=\"9061\" class=\"elementor elementor-9061\">\n\t\t\t\t\t\t\t\t\t<section class=\"elementor-section elementor-top-section elementor-element elementor-element-5e5fbfd elementor-section-stretched elementor-section-boxed elementor-section-height-default elementor-section-height-default sc_fly_static\" data-id=\"5e5fbfd\" data-element_type=\"section\" data-settings=\"{&quot;stretch_section&quot;:&quot;section-stretched&quot;,&quot;background_background&quot;:&quot;classic&quot;}\">\n\t\t\t\t\t\t<div class=\"elementor-container elementor-column-gap-extended\">\n\t\t\t\t\t<div class=\"elementor-column elementor-col-100 elementor-top-column elementor-element elementor-element-7eef5a9 sc_inner_width_none sc_content_align_inherit sc_layouts_column_icons_position_left sc_fly_static\" data-id=\"7eef5a9\" data-element_type=\"column\">\n\t\t\t<div class=\"elementor-widget-wrap elementor-element-populated\">\n\t\t\t\t\t\t\t\t<div class=\"elementor-element elementor-element-18f9962 sc_height_tiny sc_fly_static elementor-widget elementor-widget-spacer\" data-id=\"18f9962\" data-element_type=\"widget\" data-widget_type=\"spacer.default\">\n\t\t\t\t<div class=\"elementor-widget-container\">\n\t\t\t<style>\/*! elementor - v3.17.0 - 08-11-2023 *\/\n.elementor-column .elementor-spacer-inner{height:var(--spacer-size)}.e-con{--container-widget-width:100%}.e-con-inner>.elementor-widget-spacer,.e-con>.elementor-widget-spacer{width:var(--container-widget-width,var(--spacer-size));--align-self:var(--container-widget-align-self,initial);--flex-shrink:0}.e-con-inner>.elementor-widget-spacer>.elementor-widget-container,.e-con>.elementor-widget-spacer>.elementor-widget-container{height:100%;width:100%}.e-con-inner>.elementor-widget-spacer>.elementor-widget-container>.elementor-spacer,.e-con>.elementor-widget-spacer>.elementor-widget-container>.elementor-spacer{height:100%}.e-con-inner>.elementor-widget-spacer>.elementor-widget-container>.elementor-spacer>.elementor-spacer-inner,.e-con>.elementor-widget-spacer>.elementor-widget-container>.elementor-spacer>.elementor-spacer-inner{height:var(--container-widget-height,var(--spacer-size))}.e-con-inner>.elementor-widget-spacer.elementor-widget-empty,.e-con>.elementor-widget-spacer.elementor-widget-empty{position:relative;min-height:22px;min-width:22px}.e-con-inner>.elementor-widget-spacer.elementor-widget-empty .elementor-widget-empty-icon,.e-con>.elementor-widget-spacer.elementor-widget-empty .elementor-widget-empty-icon{position:absolute;top:0;bottom:0;left:0;right:0;margin:auto;padding:0;width:22px;height:22px}<\/style>\t\t<div class=\"elementor-spacer\">\n\t\t\t<div class=\"elementor-spacer-inner\"><\/div>\n\t\t<\/div>\n\t\t\t\t<\/div>\n\t\t\t\t<\/div>\n\t\t\t\t<div class=\"elementor-element elementor-element-efad385 sc_fly_static elementor-widget elementor-widget-trx_sc_title\" data-id=\"efad385\" data-element_type=\"widget\" data-widget_type=\"trx_sc_title.default\">\n\t\t\t\t<div class=\"elementor-widget-container\">\n\t\t\t<div\t\tclass=\"sc_title sc_title_default\" ><h4 class=\"sc_item_title sc_title_title sc_align_center sc_item_title_style_default sc_item_title_tag\"\n\t\t\t><span class=\"sc_item_title_text\">Create an appointment<\/span><\/h4><\/div>\t\t<\/div>\n\t\t\t\t<\/div>\n\t\t\t\t<section class=\"elementor-section elementor-inner-section elementor-element elementor-element-9df9efe elementor-section-boxed elementor-section-height-default elementor-section-height-default sc_fly_static\" data-id=\"9df9efe\" data-element_type=\"section\">\n\t\t\t\t\t\t<div class=\"elementor-container elementor-column-gap-no\">\n\t\t\t\t\t<div class=\"elementor-column elementor-col-100 elementor-inner-column elementor-element elementor-element-213ddce sc_inner_width_none sc_content_align_inherit sc_layouts_column_icons_position_left sc_fly_static\" data-id=\"213ddce\" data-element_type=\"column\">\n\t\t\t<div class=\"elementor-widget-wrap elementor-element-populated\">\n\t\t\t\t\t\t\t\t<div class=\"elementor-element elementor-element-e7a6d8b sc_height_tiny sc_fly_static elementor-widget elementor-widget-spacer\" data-id=\"e7a6d8b\" data-element_type=\"widget\" data-widget_type=\"spacer.default\">\n\t\t\t\t<div class=\"elementor-widget-container\">\n\t\t\t\t\t<div class=\"elementor-spacer\">\n\t\t\t<div class=\"elementor-spacer-inner\"><\/div>\n\t\t<\/div>\n\t\t\t\t<\/div>\n\t\t\t\t<\/div>\n\t\t\t\t\t<\/div>\n\t\t<\/div>\n\t\t\t\t\t\t\t<\/div>\n\t\t<\/section>\n\t\t\t\t<section class=\"elementor-section elementor-inner-section elementor-element elementor-element-df3667b elementor-section-boxed elementor-section-height-default elementor-section-height-default sc_fly_static\" data-id=\"df3667b\" data-element_type=\"section\">\n\t\t\t\t\t\t<div class=\"elementor-container elementor-column-gap-no\">\n\t\t\t\t\t<div class=\"elementor-column elementor-col-33 elementor-inner-column elementor-element elementor-element-b0252df sc_inner_width_none sc_content_align_inherit sc_layouts_column_icons_position_left sc_fly_static\" data-id=\"b0252df\" data-element_type=\"column\">\n\t\t\t<div class=\"elementor-widget-wrap\">\n\t\t\t\t\t\t\t\t\t<\/div>\n\t\t<\/div>\n\t\t\t\t<div class=\"elementor-column elementor-col-33 elementor-inner-column elementor-element elementor-element-a673997 sc_inner_width_none sc_content_align_inherit sc_layouts_column_icons_position_left sc_fly_static\" data-id=\"a673997\" data-element_type=\"column\">\n\t\t\t<div class=\"elementor-widget-wrap elementor-element-populated\">\n\t\t\t\t\t\t\t\t<div class=\"elementor-element elementor-element-b0b9838 sc_fly_static elementor-widget elementor-widget-shortcode\" data-id=\"b0b9838\" data-element_type=\"widget\" data-widget_type=\"shortcode.default\">\n\t\t\t\t<div class=\"elementor-widget-container\">\n\t\t\t\t\t<div class=\"elementor-shortcode\">\n<div class=\"wpcf7 no-js\" id=\"wpcf7-f18443-o1\" lang=\"tr-TR\" dir=\"ltr\">\n<div class=\"screen-reader-response\"><p role=\"status\" aria-live=\"polite\" aria-atomic=\"true\"><\/p> <ul><\/ul><\/div>\n<form action=\"\/en\/wp-json\/wp\/v2\/pages\/9061#wpcf7-f18443-o1\" method=\"post\" class=\"wpcf7-form init\" aria-label=\"\u0130leti\u015fim Formu\" novalidate=\"novalidate\" data-status=\"init\" data-trp-original-action=\"\/en\/wp-json\/wp\/v2\/pages\/9061#wpcf7-f18443-o1\">\n<div style=\"display: none;\">\n<input type=\"hidden\" name=\"_wpcf7\" value=\"18443\" \/>\n<input type=\"hidden\" name=\"_wpcf7_version\" value=\"5.9.8\" \/>\n<input type=\"hidden\" name=\"_wpcf7_locale\" value=\"tr_TR\" \/>\n<input type=\"hidden\" name=\"_wpcf7_unit_tag\" value=\"wpcf7-f18443-o1\" \/>\n<input type=\"hidden\" name=\"_wpcf7_container_post\" value=\"0\" \/>\n<input type=\"hidden\" name=\"_wpcf7_posted_data_hash\" value=\"\" \/>\n<\/div>\n<div class=\"form-style-7\">\n\t<div class=\"columns_wrap\">\n\t\t<div class=\"column-1_1\">\n\t\t\t<p><span class=\"style-line icon-name\"><span class=\"wpcf7-form-control-wrap\" data-name=\"your-name\"><input size=\"40\" maxlength=\"400\" class=\"wpcf7-form-control wpcf7-text wpcf7-validates-as-required\" aria-required=\"true\" aria-invalid=\"false\" placeholder=\"Name\" value=\"\" type=\"text\" name=\"your-name\" \/><\/span><\/span>\n\t\t\t<\/p>\n\t\t<\/div>\n\t\t<div class=\"column-1_1\">\n\t\t\t<p><span class=\"style-line icon-phone\"><span class=\"wpcf7-form-control-wrap\" data-name=\"phone\"><input size=\"40\" maxlength=\"400\" class=\"wpcf7-form-control wpcf7-tel wpcf7-validates-as-required wpcf7-text wpcf7-validates-as-tel\" aria-required=\"true\" aria-invalid=\"false\" placeholder=\"Phone\" value=\"\" type=\"tel\" name=\"phone\" \/><\/span><\/span>\n\t\t\t<\/p>\n\t\t<\/div>\n\t\t<div class=\"column-1_1\">\n\t\t\t<p><span class=\"style-line icon-email\"><span class=\"wpcf7-form-control-wrap\" data-name=\"your-email\"><input size=\"40\" maxlength=\"400\" class=\"wpcf7-form-control wpcf7-email wpcf7-validates-as-required wpcf7-text wpcf7-validates-as-email\" aria-required=\"true\" aria-invalid=\"false\" placeholder=\"E-mail Addess\" value=\"\" type=\"email\" name=\"your-email\" \/><\/span><\/span>\n\t\t\t<\/p>\n\t\t<\/div>\n\t\t<div class=\"column-1_1\">\n\t\t\t<p><span class=\"style-line icon\"><span class=\"wpcf7-form-control-wrap\" data-name=\"Hizmet\"><select class=\"wpcf7-form-control wpcf7-select wpcf7-validates-as-required\" id=\"Hizmet\" aria-required=\"true\" aria-invalid=\"false\" name=\"Hizmet\"><option value=\"Yasal Dan\u0131\u015fmanl\u0131k\">Legal Consultancy<\/option><option value=\"Dava &amp; \u0130cra Takibi\">Litigation &amp; Enforcement Proceedings<\/option><option value=\"\u0130\u015f Takibi &amp; Tevkil\">Work Tracking &amp; Delegation<\/option><option value=\"Arabuluculuk &amp; Uzla\u015ft\u0131rma\">Mediation &amp; Conciliation<\/option><\/select><\/span> <\/span>\n\t\t\t<\/p>\n\t\t<\/div>\n\t\t<div class=\"column-1_1\">\n\t\t\t<p><span class=\"style-line icon-calender\"> <span class=\"wpcf7-form-control-wrap\" data-name=\"Tarih\"><input class=\"wpcf7-form-control wpcf7-date wpcf7-validates-as-required wpcf7-validates-as-date\" id=\"tarih\" aria-required=\"true\" aria-invalid=\"false\" value=\"\" type=\"date\" name=\"Tarih\" \/><\/span><\/span>\n\t\t\t<\/p>\n\t\t<\/div>\n\t\t<div class=\"columns_wrap margin-bottom\">\n\t\t\t<div class=\"column-1_1\">\n\t\t\t\t<p><span class=\"style-line icon-textarea\"><span class=\"wpcf7-form-control-wrap\" data-name=\"your-message\"><textarea cols=\"40\" rows=\"10\" maxlength=\"2000\" class=\"wpcf7-form-control wpcf7-textarea wpcf7-validates-as-required\" aria-required=\"true\" aria-invalid=\"false\" placeholder=\"How can we help?\" name=\"your-message\"><\/textarea><\/span><\/span>\n\t\t\t\t<\/p>\n\t\t\t<\/div>\n\t\t<\/div>\n\t\t<p><input class=\"wpcf7-form-control wpcf7-submit has-spinner\" type=\"submit\" value=\"Send\" \/>\n\t\t<\/p>\n\t<\/div>\n<\/div><div class=\"wpcf7-response-output\" aria-hidden=\"true\"><\/div>\n<input type=\"hidden\" name=\"trp-form-language\" value=\"en\"\/><\/form>\n<\/div>\n<\/div>\n\t\t\t\t<\/div>\n\t\t\t\t<\/div>\n\t\t\t\t\t<\/div>\n\t\t<\/div>\n\t\t\t\t<div class=\"elementor-column elementor-col-33 elementor-inner-column elementor-element elementor-element-744ff9d sc_inner_width_none sc_content_align_inherit sc_layouts_column_icons_position_left sc_fly_static\" data-id=\"744ff9d\" data-element_type=\"column\">\n\t\t\t<div class=\"elementor-widget-wrap\">\n\t\t\t\t\t\t\t\t\t<\/div>\n\t\t<\/div>\n\t\t\t\t\t\t\t<\/div>\n\t\t<\/section>\n\t\t\t\t<div class=\"elementor-element elementor-element-468dd59 sc_height_huge sc_fly_static elementor-widget elementor-widget-spacer\" data-id=\"468dd59\" data-element_type=\"widget\" data-widget_type=\"spacer.default\">\n\t\t\t\t<div class=\"elementor-widget-container\">\n\t\t\t\t\t<div class=\"elementor-spacer\">\n\t\t\t<div class=\"elementor-spacer-inner\"><\/div>\n\t\t<\/div>\n\t\t\t\t<\/div>\n\t\t\t\t<\/div>\n\t\t\t\t\t<\/div>\n\t\t<\/div>\n\t\t\t\t\t\t\t<\/div>\n\t\t<\/section>\n\t\t\t\t\t\t\t<\/div>","protected":false},"excerpt":{"rendered":"<p>Create an appointment<\/p>","protected":false},"author":1,"featured_media":0,"parent":0,"menu_order":0,"comment_status":"closed","ping_status":"closed","template":"","meta":{"footnotes":""},"yoast_head":"<!-- This site is optimized with the Yoast SEO plugin v23.4 - https:\/\/yoast.com\/wordpress\/plugins\/seo\/ -->\n<title>Randevu Al - G\u00fcl\u015fah Y\u0131ld\u0131r\u0131m Avukatl\u0131k B\u00fcrosu<\/title>\n<meta name=\"robots\" content=\"index, follow, max-snippet:-1, max-image-preview:large, max-video-preview:-1\" \/>\n<link rel=\"canonical\" href=\"https:\/\/www.gulsahyildirim.av.tr\/en\/randevu-al\/\" \/>\n<meta property=\"og:locale\" content=\"en_US\" \/>\n<meta property=\"og:type\" content=\"article\" \/>\n<meta property=\"og:title\" content=\"Randevu Al - G\u00fcl\u015fah Y\u0131ld\u0131r\u0131m Avukatl\u0131k B\u00fcrosu\" \/>\n<meta property=\"og:description\" content=\"Bir randevu olu\u015ftur\" \/>\n<meta property=\"og:url\" content=\"https:\/\/www.gulsahyildirim.av.tr\/en\/randevu-al\/\" \/>\n<meta property=\"og:site_name\" content=\"G\u00fcl\u015fah Y\u0131ld\u0131r\u0131m Avukatl\u0131k B\u00fcrosu\" \/>\n<meta property=\"article:publisher\" content=\"https:\/\/www.facebook.com\/av.gulsahyildirim\" \/>\n<meta property=\"article:modified_time\" content=\"2023-08-13T20:57:41+00:00\" \/>\n<meta name=\"twitter:card\" content=\"summary_large_image\" \/>\n<meta name=\"twitter:site\" content=\"@GY_HUKUK\" \/>\n<script type=\"application\/ld+json\" class=\"yoast-schema-graph\">{\"@context\":\"https:\/\/schema.org\",\"@graph\":[{\"@type\":\"WebPage\",\"@id\":\"https:\/\/www.gulsahyildirim.av.tr\/randevu-al\/\",\"url\":\"https:\/\/www.gulsahyildirim.av.tr\/randevu-al\/\",\"name\":\"Randevu Al - G\u00fcl\u015fah Y\u0131ld\u0131r\u0131m Avukatl\u0131k B\u00fcrosu\",\"isPartOf\":{\"@id\":\"https:\/\/www.gulsahyildirim.av.tr\/#website\"},\"datePublished\":\"2020-11-20T12:32:08+00:00\",\"dateModified\":\"2023-08-13T20:57:41+00:00\",\"breadcrumb\":{\"@id\":\"https:\/\/www.gulsahyildirim.av.tr\/randevu-al\/#breadcrumb\"},\"inLanguage\":\"en-US\",\"potentialAction\":[{\"@type\":\"ReadAction\",\"target\":[\"https:\/\/www.gulsahyildirim.av.tr\/randevu-al\/\"]}]},{\"@type\":\"BreadcrumbList\",\"@id\":\"https:\/\/www.gulsahyildirim.av.tr\/randevu-al\/#breadcrumb\",\"itemListElement\":[{\"@type\":\"ListItem\",\"position\":1,\"name\":\"Anasayfa\",\"item\":\"https:\/\/www.gulsahyildirim.av.tr\/\"},{\"@type\":\"ListItem\",\"position\":2,\"name\":\"Randevu Al\"}]},{\"@type\":\"WebSite\",\"@id\":\"https:\/\/www.gulsahyildirim.av.tr\/#website\",\"url\":\"https:\/\/www.gulsahyildirim.av.tr\/\",\"name\":\"G\u00fcl\u015fah Y\u0131ld\u0131r\u0131m Avukatl\u0131k B\u00fcrosu\",\"description\":\"\",\"publisher\":{\"@id\":\"https:\/\/www.gulsahyildirim.av.tr\/#organization\"},\"potentialAction\":[{\"@type\":\"SearchAction\",\"target\":{\"@type\":\"EntryPoint\",\"urlTemplate\":\"https:\/\/www.gulsahyildirim.av.tr\/?s={search_term_string}\"},\"query-input\":{\"@type\":\"PropertyValueSpecification\",\"valueRequired\":true,\"valueName\":\"search_term_string\"}}],\"inLanguage\":\"en-US\"},{\"@type\":\"Organization\",\"@id\":\"https:\/\/www.gulsahyildirim.av.tr\/#organization\",\"name\":\"G\u00fcl\u015fah Y\u0131ld\u0131r\u0131m Avukatl\u0131k B\u00fcrosu\",\"url\":\"https:\/\/www.gulsahyildirim.av.tr\/\",\"logo\":{\"@type\":\"ImageObject\",\"inLanguage\":\"en-US\",\"@id\":\"https:\/\/www.gulsahyildirim.av.tr\/#\/schema\/logo\/image\/\",\"url\":\"https:\/\/www.gulsahyildirim.av.tr\/wp-content\/uploads\/2020\/12\/Gulsah-Yildirim-Logo.png\",\"contentUrl\":\"https:\/\/www.gulsahyildirim.av.tr\/wp-content\/uploads\/2020\/12\/Gulsah-Yildirim-Logo.png\",\"width\":1581,\"height\":344,\"caption\":\"G\u00fcl\u015fah Y\u0131ld\u0131r\u0131m Avukatl\u0131k B\u00fcrosu\"},\"image\":{\"@id\":\"https:\/\/www.gulsahyildirim.av.tr\/#\/schema\/logo\/image\/\"},\"sameAs\":[\"https:\/\/www.facebook.com\/av.gulsahyildirim\",\"https:\/\/x.com\/GY_HUKUK\"]}]}<\/script>\n<!-- \/ Yoast SEO plugin. -->","yoast_head_json":{"title":"Randevu Al - G\u00fcl\u015fah Y\u0131ld\u0131r\u0131m Avukatl\u0131k B\u00fcrosu","robots":{"index":"index","follow":"follow","max-snippet":"max-snippet:-1","max-image-preview":"max-image-preview:large","max-video-preview":"max-video-preview:-1"},"canonical":"https:\/\/www.gulsahyildirim.av.tr\/en\/randevu-al\/","og_locale":"en_US","og_type":"article","og_title":"Randevu Al - G\u00fcl\u015fah Y\u0131ld\u0131r\u0131m Avukatl\u0131k B\u00fcrosu","og_description":"Bir randevu olu\u015ftur","og_url":"https:\/\/www.gulsahyildirim.av.tr\/en\/randevu-al\/","og_site_name":"G\u00fcl\u015fah Y\u0131ld\u0131r\u0131m Avukatl\u0131k B\u00fcrosu","article_publisher":"https:\/\/www.facebook.com\/av.gulsahyildirim","article_modified_time":"2023-08-13T20:57:41+00:00","twitter_card":"summary_large_image","twitter_site":"@GY_HUKUK","schema":{"@context":"https:\/\/schema.org","@graph":[{"@type":"WebPage","@id":"https:\/\/www.gulsahyildirim.av.tr\/randevu-al\/","url":"https:\/\/www.gulsahyildirim.av.tr\/randevu-al\/","name":"Randevu Al - G\u00fcl\u015fah Y\u0131ld\u0131r\u0131m Avukatl\u0131k B\u00fcrosu","isPartOf":{"@id":"https:\/\/www.gulsahyildirim.av.tr\/#website"},"datePublished":"2020-11-20T12:32:08+00:00","dateModified":"2023-08-13T20:57:41+00:00","breadcrumb":{"@id":"https:\/\/www.gulsahyildirim.av.tr\/randevu-al\/#breadcrumb"},"inLanguage":"en-US","potentialAction":[{"@type":"ReadAction","target":["https:\/\/www.gulsahyildirim.av.tr\/randevu-al\/"]}]},{"@type":"BreadcrumbList","@id":"https:\/\/www.gulsahyildirim.av.tr\/randevu-al\/#breadcrumb","itemListElement":[{"@type":"ListItem","position":1,"name":"Anasayfa","item":"https:\/\/www.gulsahyildirim.av.tr\/"},{"@type":"ListItem","position":2,"name":"Randevu Al"}]},{"@type":"WebSite","@id":"https:\/\/www.gulsahyildirim.av.tr\/#website","url":"https:\/\/www.gulsahyildirim.av.tr\/","name":"G\u00fcl\u015fah Y\u0131ld\u0131r\u0131m Avukatl\u0131k B\u00fcrosu","description":"","publisher":{"@id":"https:\/\/www.gulsahyildirim.av.tr\/#organization"},"potentialAction":[{"@type":"SearchAction","target":{"@type":"EntryPoint","urlTemplate":"https:\/\/www.gulsahyildirim.av.tr\/?s={search_term_string}"},"query-input":{"@type":"PropertyValueSpecification","valueRequired":true,"valueName":"search_term_string"}}],"inLanguage":"en-US"},{"@type":"Organization","@id":"https:\/\/www.gulsahyildirim.av.tr\/#organization","name":"G\u00fcl\u015fah Y\u0131ld\u0131r\u0131m Avukatl\u0131k B\u00fcrosu","url":"https:\/\/www.gulsahyildirim.av.tr\/","logo":{"@type":"ImageObject","inLanguage":"en-US","@id":"https:\/\/www.gulsahyildirim.av.tr\/#\/schema\/logo\/image\/","url":"https:\/\/www.gulsahyildirim.av.tr\/wp-content\/uploads\/2020\/12\/Gulsah-Yildirim-Logo.png","contentUrl":"https:\/\/www.gulsahyildirim.av.tr\/wp-content\/uploads\/2020\/12\/Gulsah-Yildirim-Logo.png","width":1581,"height":344,"caption":"G\u00fcl\u015fah Y\u0131ld\u0131r\u0131m Avukatl\u0131k B\u00fcrosu"},"image":{"@id":"https:\/\/www.gulsahyildirim.av.tr\/#\/schema\/logo\/image\/"},"sameAs":["https:\/\/www.facebook.com\/av.gulsahyildirim","https:\/\/x.com\/GY_HUKUK"]}]}},"_links":{"self":[{"href":"https:\/\/www.gulsahyildirim.av.tr\/en\/wp-json\/wp\/v2\/pages\/9061"}],"collection":[{"href":"https:\/\/www.gulsahyildirim.av.tr\/en\/wp-json\/wp\/v2\/pages"}],"about":[{"href":"https:\/\/www.gulsahyildirim.av.tr\/en\/wp-json\/wp\/v2\/types\/page"}],"author":[{"embeddable":true,"href":"https:\/\/www.gulsahyildirim.av.tr\/en\/wp-json\/wp\/v2\/users\/1"}],"replies":[{"embeddable":true,"href":"https:\/\/www.gulsahyildirim.av.tr\/en\/wp-json\/wp\/v2\/comments?post=9061"}],"version-history":[{"count":0,"href":"https:\/\/www.gulsahyildirim.av.tr\/en\/wp-json\/wp\/v2\/pages\/9061\/revisions"}],"wp:attachment":[{"href":"https:\/\/www.gulsahyildirim.av.tr\/en\/wp-json\/wp\/v2\/media?parent=9061"}],"curies":[{"name":"wp","href":"https:\/\/api.w.org\/{rel}","templated":true}]}}